{"id":1575,"date":"2025-07-12T18:45:15","date_gmt":"2025-07-12T16:45:15","guid":{"rendered":"https:\/\/dialibatou.com\/?post_type=product&#038;p=1575"},"modified":"2025-07-15T00:38:47","modified_gmt":"2025-07-14T22:38:47","slug":"formule-cafe-moulu","status":"publish","type":"product","link":"https:\/\/dialibatou.com\/index.php\/produit\/formule-cafe-moulu\/","title":{"rendered":"FORMULE CAFE MOULU"},"content":{"rendered":"<p>Melange de caf\u00e9 arabica, caf\u00e9 robusta, clou de girofle et poivre de guin\u00e9e<\/p>\n","protected":false},"excerpt":{"rendered":"<p><strong>Nombre :<\/strong> 1kg\/mois (4 sachets \/mois)<br \/>\n<strong>Condition:<\/strong> Remise 5%<br \/>\n<strong>Duree:<\/strong> 3 mois<br \/>\n<strong>Montant Total avant remise:<\/strong> 36000 F<br \/>\n<strong>Montant Tota apr\u00e8s remise:<\/strong> 34200 F<br \/>\n<strong>Montant mensuel:<\/strong> 11400 F<br \/>\n<strong>Livraison:<\/strong> Gratuite<\/p>\n","protected":false},"featured_media":1398,"comment_status":"open","ping_status":"closed","template":"","meta":[],"product_brand":[26],"product_cat":[25],"product_tag":[],"class_list":{"0":"post-1575","1":"product","2":"type-product","3":"status-publish","4":"has-post-thumbnail","6":"product_brand-dialibatou","7":"product_cat-sachet","9":"first","10":"instock","11":"taxable","12":"shipping-taxable","13":"purchasable","14":"product-type-variable-subscription"},"jetpack_sharing_enabled":true,"_links":{"self":[{"href":"https:\/\/dialibatou.com\/index.php\/wp-json\/wp\/v2\/product\/1575","targetHints":{"allow":["GET"]}}],"collection":[{"href":"https:\/\/dialibatou.com\/index.php\/wp-json\/wp\/v2\/product"}],"about":[{"href":"https:\/\/dialibatou.com\/index.php\/wp-json\/wp\/v2\/types\/product"}],"replies":[{"embeddable":true,"href":"https:\/\/dialibatou.com\/index.php\/wp-json\/wp\/v2\/comments?post=1575"}],"wp:featuredmedia":[{"embeddable":true,"href":"https:\/\/dialibatou.com\/index.php\/wp-json\/wp\/v2\/media\/1398"}],"wp:attachment":[{"href":"https:\/\/dialibatou.com\/index.php\/wp-json\/wp\/v2\/media?parent=1575"}],"wp:term":[{"taxonomy":"product_brand","embeddable":true,"href":"https:\/\/dialibatou.com\/index.php\/wp-json\/wp\/v2\/product_brand?post=1575"},{"taxonomy":"product_cat","embeddable":true,"href":"https:\/\/dialibatou.com\/index.php\/wp-json\/wp\/v2\/product_cat?post=1575"},{"taxonomy":"product_tag","embeddable":true,"href":"https:\/\/dialibatou.com\/index.php\/wp-json\/wp\/v2\/product_tag?post=1575"}],"curies":[{"name":"wp","href":"https:\/\/api.w.org\/{rel}","templated":true}]}}