{"id":1713,"date":"2025-07-14T00:29:37","date_gmt":"2025-07-13T22:29:37","guid":{"rendered":"https:\/\/dialibatou.com\/?post_type=product&#038;p=1713"},"modified":"2025-07-14T18:28:21","modified_gmt":"2025-07-14T16:28:21","slug":"formule-3-cafe-moulu","status":"publish","type":"product","link":"https:\/\/dialibatou.com\/index.php\/produit\/formule-3-cafe-moulu\/","title":{"rendered":"FORMULE 3 CAFE MOULU"},"content":{"rendered":"<p>Melange de caf\u00e9 arabica, caf\u00e9 robusta, clou de girofle et poivre de guin\u00e9e<\/p>\n","protected":false},"excerpt":{"rendered":"<p>Nombre : 6kg\/mois (24 sachets\/mois)<br \/>\nCondition: Remise 10%<br \/>\nDuree: 3 mois<br \/>\nMontant Total avant remise: 187200 F<br \/>\nMontant Tota apr\u00e8s remise: 168480 F<br \/>\nMontant mensuel: 56160 F<br \/>\nLivraison: Gratuite<\/p>\n","protected":false},"featured_media":1398,"comment_status":"open","ping_status":"closed","template":"","meta":[],"product_brand":[26],"product_cat":[25],"product_tag":[],"class_list":{"0":"post-1713","1":"product","2":"type-product","3":"status-publish","4":"has-post-thumbnail","6":"product_brand-dialibatou","7":"product_cat-sachet","9":"first","10":"instock","11":"taxable","12":"shipping-taxable","13":"purchasable","14":"product-type-variable-subscription"},"jetpack_sharing_enabled":true,"_links":{"self":[{"href":"https:\/\/dialibatou.com\/index.php\/wp-json\/wp\/v2\/product\/1713","targetHints":{"allow":["GET"]}}],"collection":[{"href":"https:\/\/dialibatou.com\/index.php\/wp-json\/wp\/v2\/product"}],"about":[{"href":"https:\/\/dialibatou.com\/index.php\/wp-json\/wp\/v2\/types\/product"}],"replies":[{"embeddable":true,"href":"https:\/\/dialibatou.com\/index.php\/wp-json\/wp\/v2\/comments?post=1713"}],"wp:featuredmedia":[{"embeddable":true,"href":"https:\/\/dialibatou.com\/index.php\/wp-json\/wp\/v2\/media\/1398"}],"wp:attachment":[{"href":"https:\/\/dialibatou.com\/index.php\/wp-json\/wp\/v2\/media?parent=1713"}],"wp:term":[{"taxonomy":"product_brand","embeddable":true,"href":"https:\/\/dialibatou.com\/index.php\/wp-json\/wp\/v2\/product_brand?post=1713"},{"taxonomy":"product_cat","embeddable":true,"href":"https:\/\/dialibatou.com\/index.php\/wp-json\/wp\/v2\/product_cat?post=1713"},{"taxonomy":"product_tag","embeddable":true,"href":"https:\/\/dialibatou.com\/index.php\/wp-json\/wp\/v2\/product_tag?post=1713"}],"curies":[{"name":"wp","href":"https:\/\/api.w.org\/{rel}","templated":true}]}}