{"id":1729,"date":"2025-07-14T00:41:39","date_gmt":"2025-07-13T22:41:39","guid":{"rendered":"https:\/\/dialibatou.com\/?post_type=product&#038;p=1729"},"modified":"2025-07-15T01:08:52","modified_gmt":"2025-07-14T23:08:52","slug":"formule-3-capsules-cafe-touba-boite-de-10","status":"publish","type":"product","link":"https:\/\/dialibatou.com\/index.php\/produit\/formule-3-capsules-cafe-touba-boite-de-10\/","title":{"rendered":"Formule 3 CAPSULES CAFE TOUBA (boite de 10)"},"content":{"rendered":"<p>Melange de caf\u00e9 arabica, caf\u00e9 robusta, clou de girofle et poivre de guin\u00e9e<\/p>\n","protected":false},"excerpt":{"rendered":"<div class=\"bdt-price-table-feature-inner bdt-flex-inline bdt-flex-middle\">\n<ul>\n<li>Condition: 120 capsules, remise de 15%<\/li>\n<li>Duree: 3 mois<\/li>\n<li>Montan avant remise: 103500 CFA<\/li>\n<li>Livraison: gratuite<\/li>\n<\/ul>\n<\/div>\n","protected":false},"featured_media":1394,"comment_status":"open","ping_status":"closed","template":"","meta":[],"product_brand":[26],"product_cat":[27],"product_tag":[],"class_list":{"0":"post-1729","1":"product","2":"type-product","3":"status-publish","4":"has-post-thumbnail","6":"product_brand-dialibatou","7":"product_cat-capsules","8":"product_shipping_class-formule-abonnements","10":"first","11":"instock","12":"taxable","13":"shipping-taxable","14":"purchasable","15":"product-type-subscription"},"jetpack_sharing_enabled":true,"_links":{"self":[{"href":"https:\/\/dialibatou.com\/index.php\/wp-json\/wp\/v2\/product\/1729","targetHints":{"allow":["GET"]}}],"collection":[{"href":"https:\/\/dialibatou.com\/index.php\/wp-json\/wp\/v2\/product"}],"about":[{"href":"https:\/\/dialibatou.com\/index.php\/wp-json\/wp\/v2\/types\/product"}],"replies":[{"embeddable":true,"href":"https:\/\/dialibatou.com\/index.php\/wp-json\/wp\/v2\/comments?post=1729"}],"wp:featuredmedia":[{"embeddable":true,"href":"https:\/\/dialibatou.com\/index.php\/wp-json\/wp\/v2\/media\/1394"}],"wp:attachment":[{"href":"https:\/\/dialibatou.com\/index.php\/wp-json\/wp\/v2\/media?parent=1729"}],"wp:term":[{"taxonomy":"product_brand","embeddable":true,"href":"https:\/\/dialibatou.com\/index.php\/wp-json\/wp\/v2\/product_brand?post=1729"},{"taxonomy":"product_cat","embeddable":true,"href":"https:\/\/dialibatou.com\/index.php\/wp-json\/wp\/v2\/product_cat?post=1729"},{"taxonomy":"product_tag","embeddable":true,"href":"https:\/\/dialibatou.com\/index.php\/wp-json\/wp\/v2\/product_tag?post=1729"}],"curies":[{"name":"wp","href":"https:\/\/api.w.org\/{rel}","templated":true}]}}