{"id":1994,"date":"2025-07-16T20:53:31","date_gmt":"2025-07-16T18:53:31","guid":{"rendered":"https:\/\/dialibatou.com\/?post_type=product&#038;p=1994"},"modified":"2025-09-01T16:11:24","modified_gmt":"2025-09-01T14:11:24","slug":"pack-famille-3kg","status":"publish","type":"product","link":"https:\/\/dialibatou.com\/index.php\/produit\/pack-famille-3kg\/","title":{"rendered":"PACK FAMILLE 3KG"},"content":{"rendered":"<p>Le go\u00fbt de la transmission et de l\u2019h\u00e9ritage.<br \/>\nUn caf\u00e9 chaleureux \u00e0 savourer \u00e0 la maison, en famille, apr\u00e8s les pri\u00e8res ou autour des r\u00e9cits du Magal. Ce pack incarne la baraka des moments simples et sacr\u00e9s partag\u00e9s entre g\u00e9n\u00e9rations.<\/p>\n","protected":false},"excerpt":{"rendered":"<p>Le go\u00fbt de la transmission et de l\u2019h\u00e9ritage.<br \/>\nUn caf\u00e9 chaleureux \u00e0 savourer \u00e0 la maison, en famille, apr\u00e8s les pri\u00e8res ou autour des r\u00e9cits du Magal. Ce pack incarne la baraka des moments simples et sacr\u00e9s partag\u00e9s entre g\u00e9n\u00e9rations.<\/p>\n","protected":false},"featured_media":2028,"comment_status":"open","ping_status":"closed","template":"","meta":[],"product_brand":[26],"product_cat":[28],"product_tag":[],"class_list":{"0":"post-1994","1":"product","2":"type-product","3":"status-publish","4":"has-post-thumbnail","6":"product_brand-dialibatou","7":"product_cat-moulu","9":"first","10":"instock","11":"sale","12":"taxable","13":"shipping-taxable","14":"purchasable","15":"product-type-simple"},"jetpack_sharing_enabled":true,"_links":{"self":[{"href":"https:\/\/dialibatou.com\/index.php\/wp-json\/wp\/v2\/product\/1994","targetHints":{"allow":["GET"]}}],"collection":[{"href":"https:\/\/dialibatou.com\/index.php\/wp-json\/wp\/v2\/product"}],"about":[{"href":"https:\/\/dialibatou.com\/index.php\/wp-json\/wp\/v2\/types\/product"}],"replies":[{"embeddable":true,"href":"https:\/\/dialibatou.com\/index.php\/wp-json\/wp\/v2\/comments?post=1994"}],"wp:featuredmedia":[{"embeddable":true,"href":"https:\/\/dialibatou.com\/index.php\/wp-json\/wp\/v2\/media\/2028"}],"wp:attachment":[{"href":"https:\/\/dialibatou.com\/index.php\/wp-json\/wp\/v2\/media?parent=1994"}],"wp:term":[{"taxonomy":"product_brand","embeddable":true,"href":"https:\/\/dialibatou.com\/index.php\/wp-json\/wp\/v2\/product_brand?post=1994"},{"taxonomy":"product_cat","embeddable":true,"href":"https:\/\/dialibatou.com\/index.php\/wp-json\/wp\/v2\/product_cat?post=1994"},{"taxonomy":"product_tag","embeddable":true,"href":"https:\/\/dialibatou.com\/index.php\/wp-json\/wp\/v2\/product_tag?post=1994"}],"curies":[{"name":"wp","href":"https:\/\/api.w.org\/{rel}","templated":true}]}}