{"id":1996,"date":"2025-07-16T20:54:59","date_gmt":"2025-07-16T18:54:59","guid":{"rendered":"https:\/\/dialibatou.com\/?post_type=product&#038;p=1996"},"modified":"2025-09-12T15:12:41","modified_gmt":"2025-09-12T13:12:41","slug":"pack-dahira-5kg","status":"publish","type":"product","link":"https:\/\/dialibatou.com\/index.php\/produit\/pack-dahira-5kg\/","title":{"rendered":"PACK DAHIRA 5KG"},"content":{"rendered":"<p>Un caf\u00e9 pour partager et se recueillir ensemble.<br \/>\nCon\u00e7u pour les dahiras et les grands rassemblements spirituels, ce pack vous accompagne durant les nuits de xassa\u00efd, les moments de zikr et de d\u00e9votion collective.<br \/>\nEn plus des 5KG de Caf\u00e9 Touba, 500g de Diar vous sont offerts pour prolonger l\u2019intensit\u00e9 et la chaleur du go\u00fbt. Un geste de baraka, pour un Magal encore plus b\u00e9ni.<\/p>\n","protected":false},"excerpt":{"rendered":"<p>Un caf\u00e9 pour partager et se recueillir ensemble.<br \/>\nCon\u00e7u pour les dahiras et les grands rassemblements spirituels, ce pack vous accompagne durant les nuits de xassa\u00efd, les moments de zikr et de d\u00e9votion collective.<br \/>\nEn plus des 5KG de Caf\u00e9 Touba, 500g de Diar vous sont offerts pour prolonger l\u2019intensit\u00e9 et la chaleur du go\u00fbt. Un geste de baraka, pour un Magal encore plus b\u00e9ni.<\/p>\n","protected":false},"featured_media":2029,"comment_status":"open","ping_status":"closed","template":"","meta":[],"product_brand":[26],"product_cat":[28],"product_tag":[],"class_list":{"0":"post-1996","1":"product","2":"type-product","3":"status-publish","4":"has-post-thumbnail","6":"product_brand-dialibatou","7":"product_cat-moulu","9":"first","10":"instock","11":"sale","12":"taxable","13":"shipping-taxable","14":"purchasable","15":"product-type-simple"},"jetpack_sharing_enabled":true,"_links":{"self":[{"href":"https:\/\/dialibatou.com\/index.php\/wp-json\/wp\/v2\/product\/1996","targetHints":{"allow":["GET"]}}],"collection":[{"href":"https:\/\/dialibatou.com\/index.php\/wp-json\/wp\/v2\/product"}],"about":[{"href":"https:\/\/dialibatou.com\/index.php\/wp-json\/wp\/v2\/types\/product"}],"replies":[{"embeddable":true,"href":"https:\/\/dialibatou.com\/index.php\/wp-json\/wp\/v2\/comments?post=1996"}],"wp:featuredmedia":[{"embeddable":true,"href":"https:\/\/dialibatou.com\/index.php\/wp-json\/wp\/v2\/media\/2029"}],"wp:attachment":[{"href":"https:\/\/dialibatou.com\/index.php\/wp-json\/wp\/v2\/media?parent=1996"}],"wp:term":[{"taxonomy":"product_brand","embeddable":true,"href":"https:\/\/dialibatou.com\/index.php\/wp-json\/wp\/v2\/product_brand?post=1996"},{"taxonomy":"product_cat","embeddable":true,"href":"https:\/\/dialibatou.com\/index.php\/wp-json\/wp\/v2\/product_cat?post=1996"},{"taxonomy":"product_tag","embeddable":true,"href":"https:\/\/dialibatou.com\/index.php\/wp-json\/wp\/v2\/product_tag?post=1996"}],"curies":[{"name":"wp","href":"https:\/\/api.w.org\/{rel}","templated":true}]}}