{"id":1997,"date":"2025-07-16T20:55:54","date_gmt":"2025-07-16T18:55:54","guid":{"rendered":"https:\/\/dialibatou.com\/?post_type=product&#038;p=1997"},"modified":"2025-09-12T15:13:00","modified_gmt":"2025-09-12T13:13:00","slug":"pack-berndel-6kg","status":"publish","type":"product","link":"https:\/\/dialibatou.com\/index.php\/produit\/pack-berndel-6kg\/","title":{"rendered":"PACK BERNDEL 6KG"},"content":{"rendered":"<p>Pour honorer, offrir, et faire plaisir autour de soi. Inspir\u00e9 de la tradition du berndel, ce pack c\u00e9l\u00e8bre la g\u00e9n\u00e9rosit\u00e9. Offrez du caf\u00e9 \u00e0 vos proches, vos voisins ou vos invit\u00e9s. Un geste d\u2019amour, de partage, et de fid\u00e9lit\u00e9 \u00e0 l\u2019enseignement du Cheikh.<\/p>\n","protected":false},"excerpt":{"rendered":"<p>Pour honorer, offrir, et faire plaisir autour de soi. Inspir\u00e9 de la tradition du berndel, ce pack c\u00e9l\u00e8bre la g\u00e9n\u00e9rosit\u00e9. Offrez du caf\u00e9 \u00e0 vos proches, vos voisins ou vos invit\u00e9s. Un geste d\u2019amour, de partage, et de fid\u00e9lit\u00e9 \u00e0 l\u2019enseignement du Cheikh.<\/p>\n","protected":false},"featured_media":2027,"comment_status":"open","ping_status":"closed","template":"","meta":[],"product_brand":[26],"product_cat":[28],"product_tag":[],"class_list":{"0":"post-1997","1":"product","2":"type-product","3":"status-publish","4":"has-post-thumbnail","6":"product_brand-dialibatou","7":"product_cat-moulu","9":"first","10":"instock","11":"sale","12":"taxable","13":"shipping-taxable","14":"purchasable","15":"product-type-simple"},"jetpack_sharing_enabled":true,"_links":{"self":[{"href":"https:\/\/dialibatou.com\/index.php\/wp-json\/wp\/v2\/product\/1997","targetHints":{"allow":["GET"]}}],"collection":[{"href":"https:\/\/dialibatou.com\/index.php\/wp-json\/wp\/v2\/product"}],"about":[{"href":"https:\/\/dialibatou.com\/index.php\/wp-json\/wp\/v2\/types\/product"}],"replies":[{"embeddable":true,"href":"https:\/\/dialibatou.com\/index.php\/wp-json\/wp\/v2\/comments?post=1997"}],"wp:featuredmedia":[{"embeddable":true,"href":"https:\/\/dialibatou.com\/index.php\/wp-json\/wp\/v2\/media\/2027"}],"wp:attachment":[{"href":"https:\/\/dialibatou.com\/index.php\/wp-json\/wp\/v2\/media?parent=1997"}],"wp:term":[{"taxonomy":"product_brand","embeddable":true,"href":"https:\/\/dialibatou.com\/index.php\/wp-json\/wp\/v2\/product_brand?post=1997"},{"taxonomy":"product_cat","embeddable":true,"href":"https:\/\/dialibatou.com\/index.php\/wp-json\/wp\/v2\/product_cat?post=1997"},{"taxonomy":"product_tag","embeddable":true,"href":"https:\/\/dialibatou.com\/index.php\/wp-json\/wp\/v2\/product_tag?post=1997"}],"curies":[{"name":"wp","href":"https:\/\/api.w.org\/{rel}","templated":true}]}}